{"id":134,"date":"2014-11-23T20:30:08","date_gmt":"2014-11-23T20:30:08","guid":{"rendered":"http:\/\/juliadoss.server219.nognietactief.nl\/index_nw.php\/julia-2\/"},"modified":"2018-06-03T10:05:29","modified_gmt":"2018-06-03T09:05:29","slug":"julia","status":"publish","type":"page","link":"https:\/\/www.juliadossantosbaptista.com\/pt-br\/julia\/","title":{"rendered":"J\u00falia"},"content":{"rendered":"<p><a href=\"http:\/\/juliadoss.server219.nognietactief.nl\/juli_p\/wp\/wp-content\/uploads\/biography_1.jpg\"><img loading=\"lazy\" decoding=\"async\" class=\"alignleft wp-image-129 size-medium\" src=\"https:\/\/www.juliadossantosbaptista.com\/wp-content\/uploads\/biography_1-300x187.jpg\" alt=\"biography_1\" width=\"300\" height=\"187\" srcset=\"https:\/\/www.juliadossantosbaptista.com\/wp-content\/uploads\/biography_1-300x187.jpg 300w, https:\/\/www.juliadossantosbaptista.com\/wp-content\/uploads\/biography_1.jpg 637w\" sizes=\"auto, (max-width: 300px) 100vw, 300px\" \/><\/a><\/p>\n<p>&nbsp;<\/p>\n<p>&nbsp;<\/p>\n<p>&nbsp;<\/p>\n<p>&nbsp;<\/p>\n<p>&nbsp;<\/p>\n<p>&nbsp;<\/p>\n<p>&nbsp;<\/p>\n<p><span style=\"color: #393939;\">J\u00falia\u00a0dos Santos Baptista nasceu e cresceu em\u00a0Bras\u00edlia, capital do Brasil e, desde menina, seus desenhos j\u00e1 eram colecionados pelas demais crian\u00e7as. Atualmente, J\u00falia vive e trabalha no Brasil e nos Pa\u00edses Baixos, divulgando e comercializando sua produ\u00e7\u00e3o art\u00edstica em diversas exposi\u00e7\u00f5es internacionais.<\/span><\/p>\n<p><span style=\"color: #393939;\">Suas primeiras pinturas cont\u00eam imagens alegres\u00a0em cores fortes, quase sempre resgatando lembran\u00e7as de sua\u00a0inf\u00e2ncia em Bras\u00edlia. Nessa \u00e9poca, a futura capital do Brasil era apenas uma cidade rec\u00e9m nascida, atraindo oper\u00e1rios de todo o Brasil, corajosos e otimistas, inspirados pela ideia de construir uma nova\u00a0capital e uma nova vida atrav\u00e9s do seu trabalho duro.<\/span><\/p>\n<p><span style=\"color: #393939;\">Seus trabalhos, repartidos em diversas Cole\u00e7\u00f5es, hoje refletem temas universais\u00a0de car\u00e1ter socioeducativo, de natureza pol\u00edtica, cultural e urbana, como o crescimento acelerado\u00a0das grandes metr\u00f3poles, o di\u00e1logo entre as artes e a sua finalidade, a\u00a0maternidade infantil, entre outros, buscando uma intera\u00e7\u00e3o com o p\u00fablico e incentivando-o\u00a0a refletir sobre esses temas.<\/span><\/p>\n","protected":false},"excerpt":{"rendered":"<p>&nbsp; &nbsp; &nbsp; &nbsp; &nbsp; &nbsp; &nbsp; J\u00falia\u00a0dos Santos Baptista nasceu e cresceu em\u00a0Bras\u00edlia, capital do Brasil e, desde menina, seus desenhos j\u00e1 eram colecionados pelas demais crian\u00e7as. Atualmente, J\u00falia vive e trabalha no Brasil e nos Pa\u00edses Baixos, divulgando e comercializando sua produ\u00e7\u00e3o art\u00edstica em diversas exposi\u00e7\u00f5es internacionais. Suas primeiras pinturas cont\u00eam imagens alegres\u00a0em [&hellip;]<\/p>\n","protected":false},"author":3,"featured_media":0,"parent":0,"menu_order":0,"comment_status":"closed","ping_status":"closed","template":"","meta":{"_acf_changed":false,"_genesis_hide_title":false,"_genesis_hide_breadcrumbs":false,"_genesis_hide_singular_image":false,"_genesis_hide_footer_widgets":false,"_genesis_custom_body_class":"","_genesis_custom_post_class":"","_genesis_layout":"","footnotes":""},"class_list":{"0":"post-134","1":"page","2":"type-page","3":"status-publish","5":"entry"},"acf":[],"yoast_head":"<!-- This site is optimized with the Yoast SEO plugin v27.4 - https:\/\/yoast.com\/product\/yoast-seo-wordpress\/ -->\n<title>J\u00falia - J&uacute;lia dos Santos Baptista<\/title>\n<meta name=\"robots\" content=\"index, follow, max-snippet:-1, max-image-preview:large, max-video-preview:-1\" \/>\n<link rel=\"canonical\" href=\"https:\/\/www.juliadossantosbaptista.com\/pt-br\/julia\/\" \/>\n<meta property=\"og:locale\" content=\"pt_BR\" \/>\n<meta property=\"og:type\" content=\"article\" \/>\n<meta property=\"og:title\" content=\"J\u00falia - J&uacute;lia dos Santos Baptista\" \/>\n<meta property=\"og:description\" content=\"&nbsp; &nbsp; &nbsp; &nbsp; &nbsp; &nbsp; &nbsp; J\u00falia\u00a0dos Santos Baptista nasceu e cresceu em\u00a0Bras\u00edlia, capital do Brasil e, desde menina, seus desenhos j\u00e1 eram colecionados pelas demais crian\u00e7as. Atualmente, J\u00falia vive e trabalha no Brasil e nos Pa\u00edses Baixos, divulgando e comercializando sua produ\u00e7\u00e3o art\u00edstica em diversas exposi\u00e7\u00f5es internacionais. Suas primeiras pinturas cont\u00eam imagens alegres\u00a0em [&hellip;]\" \/>\n<meta property=\"og:url\" content=\"https:\/\/www.juliadossantosbaptista.com\/pt-br\/julia\/\" \/>\n<meta property=\"og:site_name\" content=\"J&uacute;lia dos Santos Baptista\" \/>\n<meta property=\"article:modified_time\" content=\"2018-06-03T09:05:29+00:00\" \/>\n<meta property=\"og:image\" content=\"https:\/\/www.juliadossantosbaptista.com\/wp-content\/uploads\/biography_1-300x187.jpg\" \/>\n<meta name=\"twitter:card\" content=\"summary_large_image\" \/>\n<meta name=\"twitter:label1\" content=\"Est. tempo de leitura\" \/>\n\t<meta name=\"twitter:data1\" content=\"1 minuto\" \/>\n<script type=\"application\/ld+json\" class=\"yoast-schema-graph\">{\"@context\":\"https:\\\/\\\/schema.org\",\"@graph\":[{\"@type\":\"WebPage\",\"@id\":\"https:\\\/\\\/www.juliadossantosbaptista.com\\\/pt-br\\\/julia\\\/\",\"url\":\"https:\\\/\\\/www.juliadossantosbaptista.com\\\/pt-br\\\/julia\\\/\",\"name\":\"J\u00falia - J&uacute;lia dos Santos Baptista\",\"isPartOf\":{\"@id\":\"https:\\\/\\\/www.juliadossantosbaptista.com\\\/pt-br\\\/#website\"},\"primaryImageOfPage\":{\"@id\":\"https:\\\/\\\/www.juliadossantosbaptista.com\\\/pt-br\\\/julia\\\/#primaryimage\"},\"image\":{\"@id\":\"https:\\\/\\\/www.juliadossantosbaptista.com\\\/pt-br\\\/julia\\\/#primaryimage\"},\"thumbnailUrl\":\"https:\\\/\\\/www.juliadossantosbaptista.com\\\/wp-content\\\/uploads\\\/biography_1-300x187.jpg\",\"datePublished\":\"2014-11-23T20:30:08+00:00\",\"dateModified\":\"2018-06-03T09:05:29+00:00\",\"breadcrumb\":{\"@id\":\"https:\\\/\\\/www.juliadossantosbaptista.com\\\/pt-br\\\/julia\\\/#breadcrumb\"},\"inLanguage\":\"pt-BR\",\"potentialAction\":[{\"@type\":\"ReadAction\",\"target\":[\"https:\\\/\\\/www.juliadossantosbaptista.com\\\/pt-br\\\/julia\\\/\"]}]},{\"@type\":\"ImageObject\",\"inLanguage\":\"pt-BR\",\"@id\":\"https:\\\/\\\/www.juliadossantosbaptista.com\\\/pt-br\\\/julia\\\/#primaryimage\",\"url\":\"https:\\\/\\\/www.juliadossantosbaptista.com\\\/wp-content\\\/uploads\\\/biography_1-300x187.jpg\",\"contentUrl\":\"https:\\\/\\\/www.juliadossantosbaptista.com\\\/wp-content\\\/uploads\\\/biography_1-300x187.jpg\"},{\"@type\":\"BreadcrumbList\",\"@id\":\"https:\\\/\\\/www.juliadossantosbaptista.com\\\/pt-br\\\/julia\\\/#breadcrumb\",\"itemListElement\":[{\"@type\":\"ListItem\",\"position\":1,\"name\":\"Home\",\"item\":\"https:\\\/\\\/www.juliadossantosbaptista.com\\\/pt-br\\\/\"},{\"@type\":\"ListItem\",\"position\":2,\"name\":\"J\u00falia\"}]},{\"@type\":\"WebSite\",\"@id\":\"https:\\\/\\\/www.juliadossantosbaptista.com\\\/pt-br\\\/#website\",\"url\":\"https:\\\/\\\/www.juliadossantosbaptista.com\\\/pt-br\\\/\",\"name\":\"J&uacute;lia dos Santos Baptista\",\"description\":\"Painter\",\"potentialAction\":[{\"@type\":\"SearchAction\",\"target\":{\"@type\":\"EntryPoint\",\"urlTemplate\":\"https:\\\/\\\/www.juliadossantosbaptista.com\\\/pt-br\\\/?s={search_term_string}\"},\"query-input\":{\"@type\":\"PropertyValueSpecification\",\"valueRequired\":true,\"valueName\":\"search_term_string\"}}],\"inLanguage\":\"pt-BR\"}]}<\/script>\n<!-- \/ Yoast SEO plugin. -->","yoast_head_json":{"title":"J\u00falia - J&uacute;lia dos Santos Baptista","robots":{"index":"index","follow":"follow","max-snippet":"max-snippet:-1","max-image-preview":"max-image-preview:large","max-video-preview":"max-video-preview:-1"},"canonical":"https:\/\/www.juliadossantosbaptista.com\/pt-br\/julia\/","og_locale":"pt_BR","og_type":"article","og_title":"J\u00falia - J&uacute;lia dos Santos Baptista","og_description":"&nbsp; &nbsp; &nbsp; &nbsp; &nbsp; &nbsp; &nbsp; J\u00falia\u00a0dos Santos Baptista nasceu e cresceu em\u00a0Bras\u00edlia, capital do Brasil e, desde menina, seus desenhos j\u00e1 eram colecionados pelas demais crian\u00e7as. Atualmente, J\u00falia vive e trabalha no Brasil e nos Pa\u00edses Baixos, divulgando e comercializando sua produ\u00e7\u00e3o art\u00edstica em diversas exposi\u00e7\u00f5es internacionais. Suas primeiras pinturas cont\u00eam imagens alegres\u00a0em [&hellip;]","og_url":"https:\/\/www.juliadossantosbaptista.com\/pt-br\/julia\/","og_site_name":"J&uacute;lia dos Santos Baptista","article_modified_time":"2018-06-03T09:05:29+00:00","og_image":[{"url":"https:\/\/www.juliadossantosbaptista.com\/wp-content\/uploads\/biography_1-300x187.jpg","type":"","width":"","height":""}],"twitter_card":"summary_large_image","twitter_misc":{"Est. tempo de leitura":"1 minuto"},"schema":{"@context":"https:\/\/schema.org","@graph":[{"@type":"WebPage","@id":"https:\/\/www.juliadossantosbaptista.com\/pt-br\/julia\/","url":"https:\/\/www.juliadossantosbaptista.com\/pt-br\/julia\/","name":"J\u00falia - J&uacute;lia dos Santos Baptista","isPartOf":{"@id":"https:\/\/www.juliadossantosbaptista.com\/pt-br\/#website"},"primaryImageOfPage":{"@id":"https:\/\/www.juliadossantosbaptista.com\/pt-br\/julia\/#primaryimage"},"image":{"@id":"https:\/\/www.juliadossantosbaptista.com\/pt-br\/julia\/#primaryimage"},"thumbnailUrl":"https:\/\/www.juliadossantosbaptista.com\/wp-content\/uploads\/biography_1-300x187.jpg","datePublished":"2014-11-23T20:30:08+00:00","dateModified":"2018-06-03T09:05:29+00:00","breadcrumb":{"@id":"https:\/\/www.juliadossantosbaptista.com\/pt-br\/julia\/#breadcrumb"},"inLanguage":"pt-BR","potentialAction":[{"@type":"ReadAction","target":["https:\/\/www.juliadossantosbaptista.com\/pt-br\/julia\/"]}]},{"@type":"ImageObject","inLanguage":"pt-BR","@id":"https:\/\/www.juliadossantosbaptista.com\/pt-br\/julia\/#primaryimage","url":"https:\/\/www.juliadossantosbaptista.com\/wp-content\/uploads\/biography_1-300x187.jpg","contentUrl":"https:\/\/www.juliadossantosbaptista.com\/wp-content\/uploads\/biography_1-300x187.jpg"},{"@type":"BreadcrumbList","@id":"https:\/\/www.juliadossantosbaptista.com\/pt-br\/julia\/#breadcrumb","itemListElement":[{"@type":"ListItem","position":1,"name":"Home","item":"https:\/\/www.juliadossantosbaptista.com\/pt-br\/"},{"@type":"ListItem","position":2,"name":"J\u00falia"}]},{"@type":"WebSite","@id":"https:\/\/www.juliadossantosbaptista.com\/pt-br\/#website","url":"https:\/\/www.juliadossantosbaptista.com\/pt-br\/","name":"J&uacute;lia dos Santos Baptista","description":"Painter","potentialAction":[{"@type":"SearchAction","target":{"@type":"EntryPoint","urlTemplate":"https:\/\/www.juliadossantosbaptista.com\/pt-br\/?s={search_term_string}"},"query-input":{"@type":"PropertyValueSpecification","valueRequired":true,"valueName":"search_term_string"}}],"inLanguage":"pt-BR"}]}},"_links":{"self":[{"href":"https:\/\/www.juliadossantosbaptista.com\/pt-br\/wp-json\/wp\/v2\/pages\/134","targetHints":{"allow":["GET"]}}],"collection":[{"href":"https:\/\/www.juliadossantosbaptista.com\/pt-br\/wp-json\/wp\/v2\/pages"}],"about":[{"href":"https:\/\/www.juliadossantosbaptista.com\/pt-br\/wp-json\/wp\/v2\/types\/page"}],"author":[{"embeddable":true,"href":"https:\/\/www.juliadossantosbaptista.com\/pt-br\/wp-json\/wp\/v2\/users\/3"}],"replies":[{"embeddable":true,"href":"https:\/\/www.juliadossantosbaptista.com\/pt-br\/wp-json\/wp\/v2\/comments?post=134"}],"version-history":[{"count":0,"href":"https:\/\/www.juliadossantosbaptista.com\/pt-br\/wp-json\/wp\/v2\/pages\/134\/revisions"}],"wp:attachment":[{"href":"https:\/\/www.juliadossantosbaptista.com\/pt-br\/wp-json\/wp\/v2\/media?parent=134"}],"curies":[{"name":"wp","href":"https:\/\/api.w.org\/{rel}","templated":true}]}}