{"id":2427,"date":"2016-12-12T13:27:31","date_gmt":"2016-12-12T12:27:31","guid":{"rendered":"https:\/\/www.juliadossantosbaptista.com\/pt-br\/work\/educational-projects\/"},"modified":"2025-06-09T12:15:25","modified_gmt":"2025-06-09T11:15:25","slug":"educational-projects","status":"publish","type":"page","link":"https:\/\/www.juliadossantosbaptista.com\/pt-br\/educational-projects\/","title":{"rendered":"Projetos de Educa\u00e7\u00e3o"},"content":{"rendered":"<p>&nbsp;<\/p>\n\n\t\t<style type=\"text\/css\">\n\t\t\t#gallery-1 {\n\t\t\t\tmargin: auto;\n\t\t\t}\n\t\t\t#gallery-1 .gallery-item {\n\t\t\t\tfloat: left;\n\t\t\t\tmargin-top: 10px;\n\t\t\t\ttext-align: center;\n\t\t\t\twidth: 16%;\n\t\t\t}\n\t\t\t#gallery-1 img {\n\t\t\t\tborder: 2px solid #cfcfcf;\n\t\t\t}\n\t\t\t#gallery-1 .gallery-caption {\n\t\t\t\tmargin-left: 0;\n\t\t\t}\n\t\t\t\/* see gallery_shortcode() in wp-includes\/media.php *\/\n\t\t<\/style>\n\t\t<div id='gallery-1' class='gallery galleryid-2427 gallery-columns-6 gallery-size-thumbnail'><dl class='gallery-item'>\n\t\t\t<dt class='gallery-icon landscape'>\n\t\t\t\t<a href='https:\/\/www.juliadossantosbaptista.com\/wp-content\/uploads\/2016-ISSWhereArtMeetsScience_DSC4332.jpg'><img loading=\"lazy\" decoding=\"async\" width=\"164\" height=\"246\" src=\"https:\/\/www.juliadossantosbaptista.com\/wp-content\/uploads\/2016-ISSWhereArtMeetsScience_DSC4332-164x246.jpg\" class=\"attachment-thumbnail size-thumbnail\" alt=\"2016 ISS Where Art Meets Science Aula\" \/><\/a>\n\t\t\t<\/dt><\/dl><dl class='gallery-item'>\n\t\t\t<dt class='gallery-icon landscape'>\n\t\t\t\t<a href='https:\/\/www.juliadossantosbaptista.com\/wp-content\/uploads\/2013-EscolaClasse19CEISULBrasiliaDF-DSC_0153-featured.jpg'><img loading=\"lazy\" decoding=\"async\" width=\"164\" height=\"246\" src=\"https:\/\/www.juliadossantosbaptista.com\/wp-content\/uploads\/2013-EscolaClasse19CEISULBrasiliaDF-DSC_0153-featured-164x246.jpg\" class=\"attachment-thumbnail size-thumbnail\" alt=\"2013-AulaEscolaClasse19CEISulBrasiliaDFBrazil-dsc_0153-featured-2\" \/><\/a>\n\t\t\t<\/dt><\/dl><dl class='gallery-item'>\n\t\t\t<dt class='gallery-icon portrait'>\n\t\t\t\t<a href='https:\/\/www.juliadossantosbaptista.com\/wp-content\/uploads\/dd4deb451c92763e5754e0f5523a5e7a.jpg'><img loading=\"lazy\" decoding=\"async\" width=\"164\" height=\"246\" src=\"https:\/\/www.juliadossantosbaptista.com\/wp-content\/uploads\/dd4deb451c92763e5754e0f5523a5e7a-164x246.jpg\" class=\"attachment-thumbnail size-thumbnail\" alt=\"2010 ECT Folha Bras\u00edlia 50\" \/><\/a>\n\t\t\t<\/dt><\/dl><dl class='gallery-item'>\n\t\t\t<dt class='gallery-icon portrait'>\n\t\t\t\t<a href='https:\/\/www.juliadossantosbaptista.com\/wp-content\/uploads\/2012-Estudar-Historia-da-origem-dos-Homens-a-Era-Digital.jpg'><img loading=\"lazy\" decoding=\"async\" width=\"164\" height=\"246\" src=\"https:\/\/www.juliadossantosbaptista.com\/wp-content\/uploads\/2012-Estudar-Historia-da-origem-dos-Homens-a-Era-Digital-164x246.jpg\" class=\"attachment-thumbnail size-thumbnail\" alt=\"2012 Estudar Historia da origem dos Homens a Era Digital\" \/><\/a>\n\t\t\t<\/dt><\/dl><dl class='gallery-item'>\n\t\t\t<dt class='gallery-icon landscape'>\n\t\t\t\t<a href='https:\/\/www.juliadossantosbaptista.com\/wp-content\/uploads\/2012-Post-NL-Bandeirinhas-Stamps-Collection1.jpg'><img loading=\"lazy\" decoding=\"async\" width=\"164\" height=\"246\" src=\"https:\/\/www.juliadossantosbaptista.com\/wp-content\/uploads\/2012-Post-NL-Bandeirinhas-Stamps-Collection1-164x246.jpg\" class=\"attachment-thumbnail size-thumbnail\" alt=\"2012 Post NL Bandeirinhas Stamps Collection\" \/><\/a>\n\t\t\t<\/dt><\/dl><dl class='gallery-item'>\n\t\t\t<dt class='gallery-icon portrait'>\n\t\t\t\t<a href='https:\/\/www.juliadossantosbaptista.com\/wp-content\/uploads\/2013-UOL-Camara-Expo-Brasilia-53-1.jpg'><img loading=\"lazy\" decoding=\"async\" width=\"164\" height=\"246\" src=\"https:\/\/www.juliadossantosbaptista.com\/wp-content\/uploads\/2013-UOL-Camara-Expo-Brasilia-53-1-164x246.jpg\" class=\"attachment-thumbnail size-thumbnail\" alt=\"2013 UOL Camara Expo Brasilia 53\" \/><\/a>\n\t\t\t<\/dt><\/dl><br style=\"clear: both\" \/>\n\t\t<\/div>\n\n<div class=\"claps-toggle-text\" style=\"--collapse-hf:1px;--collapse-ht:1px;\" data-title=\"background\" data-swaptitle=\"Close\" data-icon=\"&#9660;\" data-swapicon=\"&#10005;\" data-ht=\"1px\" data-hf=\"1px\" data-above=\"0\"><div class=\"claps-text-inner claps-text-toggle-collapsed\">Tendo sentido na minha juventude as dificuldades para obter uma educa\u00e7\u00e3o mais completa. Hoje percebo, acompanhando e apreciando os estudos de meus filhos, o quanto me faltou para complementar os meus conhecimentos. Teriam sido pequenas interven\u00e7\u00f5es que certamente preencheriam o grande <em>gap<\/em> que sinto at\u00e9 hoje na minha forma\u00e7\u00e3o. Esta consci\u00eancia me trouxe a preocupa\u00e7\u00e3o permanente de tentar suprir de alguma maneira a educa\u00e7\u00e3o das crian\u00e7as no Brasil, al\u00e9m de alargar este conceito para outras idades e situa\u00e7\u00f5es do saber.<br \/>\nDesenvolvo meu trabalho dentro do \u00e2mbito socioeducativo, privilegiando o universo infantil. Estou convencida de que a educa\u00e7\u00e3o para a cidad\u00e2nia consititui uma das chaves para criarmos uma sociedade mais humanista e democr\u00e1tica. Nesse \u00e2mbito realizei, durante esses \u00faltimos anos, diversas exposi\u00e7\u00f5es, concedi entrevistas e ministrei aulas para crian\u00e7as de escolas p\u00fablicas, tanto no Brasil como na Holanda. Al\u00e9m dessas atividades, contribu\u00ed com a ilustra\u00e7\u00e3o do livro Estudar Hist\u00f3ria, das origens do homen \u00e0 era digital &#8211; volume 6 &#8211; de autoria da hitoriadora Patricia Ramos Braick, pertencente \u00e0 Cole\u00e7\u00e3o Estudar Hist\u00f3ria para o Ensino M\u00e9dio e criei a cole\u00e7\u00e3o de selos do cinquenten\u00e1rio de nossa capital Bras\u00edlia.<br \/>\nMais recentemente, fui convidada pelo acad\u00e9mico Dr. Lee Pegler do Instituto Internacional de Estudos Sociais (ISS) da Universidade Erasmus de Roterd\u00e3o, com sede em Haia, para colaborar na concep\u00e7\u00e3o e organiza\u00e7\u00e3o de uma exposi\u00e7\u00e3o interligada de algumas pinturas de Minha Cole\u00e7\u00e3o Medusa com uma palestra sobre seu trabalho de pesquisa socioecon\u00f4mica internacional.<br \/>\nA exposi\u00e7\u00e3o retrata a rela\u00e7\u00e3o entre o Brasil e os Pa\u00edses Baixos sob a perspectiva das artes e das ci\u00eancias sociais. O instituto est\u00e1 fazendo pesquisas pioneiras sobre cadeias de valor e trabalho e sua import\u00e2ncia socioecon\u00f4mica, rela\u00e7\u00f5es comerciais internacionais e multiculturais que s\u00e3o um reflexo de suas intera\u00e7\u00f5es. Mas h\u00e1 tamb\u00e9m um impacto cultural e a Cole\u00e7\u00e3o Medusa \u00e9 vista com exemplo inspirador.<br \/>\nA exposi\u00e7\u00e3o \u00e9 uma tentativa de estabelecer um di\u00e1logo potencial entre Arte e Ci\u00eancias Sociais, a fim de tornar os estudantes de Ph.D. e M.A. conscientes dos processos que os levam a desenvolver suas pesquisas. Na busca de solu\u00e7\u00f5es mais igualit\u00e1rias e harmoniosas para as muitas quest\u00f5es cient\u00edficas e sociais que nos rodeiam, eles partir\u00e3o de uma compreens\u00e3o mais profunda que poder\u00e1 oferecer um apoio adequado \u00e0 humanidade de uma forma mais pac\u00edfica e humanit\u00e1ria.<br \/>\nA exposi\u00e7\u00e3o <em>Where Art Meets Science<\/em> acontece em dois lugares simultaneamente: o ISS Atrium &#8211; Instituto Internacional de Estudos Sociais da Universidade Erasmus de Haia e o Keizer Viaduct Karel A9 Galeria Aberta em Amesterd\u00e3o de forma a difundir a sua mensagem de insipa\u00e7\u00e3o tanto na universidade quanto no n\u00edvel da rua.<\/div><\/div>\n","protected":false},"excerpt":{"rendered":"<p>&nbsp;<\/p>\n","protected":false},"author":5,"featured_media":0,"parent":0,"menu_order":0,"comment_status":"closed","ping_status":"closed","template":"","meta":{"_acf_changed":false,"_genesis_hide_title":false,"_genesis_hide_breadcrumbs":false,"_genesis_hide_singular_image":false,"_genesis_hide_footer_widgets":false,"_genesis_custom_body_class":"","_genesis_custom_post_class":"","_genesis_layout":"","footnotes":""},"class_list":{"0":"post-2427","1":"page","2":"type-page","3":"status-publish","5":"entry"},"acf":[],"yoast_head":"<!-- This site is optimized with the Yoast SEO plugin v27.5 - https:\/\/yoast.com\/product\/yoast-seo-wordpress\/ -->\n<title>Projetos de Educa\u00e7\u00e3o - J&uacute;lia dos Santos Baptista<\/title>\n<meta name=\"robots\" content=\"index, follow, max-snippet:-1, max-image-preview:large, max-video-preview:-1\" \/>\n<link rel=\"canonical\" href=\"https:\/\/www.juliadossantosbaptista.com\/pt-br\/educational-projects\/\" \/>\n<meta property=\"og:locale\" content=\"pt_BR\" \/>\n<meta property=\"og:type\" content=\"article\" \/>\n<meta property=\"og:title\" content=\"Projetos de Educa\u00e7\u00e3o - J&uacute;lia dos Santos Baptista\" \/>\n<meta property=\"og:description\" content=\"&nbsp;\" \/>\n<meta property=\"og:url\" content=\"https:\/\/www.juliadossantosbaptista.com\/pt-br\/educational-projects\/\" \/>\n<meta property=\"og:site_name\" content=\"J&uacute;lia dos Santos Baptista\" \/>\n<meta property=\"article:modified_time\" content=\"2025-06-09T11:15:25+00:00\" \/>\n<meta property=\"og:image\" content=\"https:\/\/www.juliadossantosbaptista.com\/wp-content\/uploads\/2016-ISSWhereArtMeetsScience_DSC4332-164x246.jpg\" \/>\n<meta name=\"twitter:card\" content=\"summary_large_image\" \/>\n<meta name=\"twitter:label1\" content=\"Est. tempo de leitura\" \/>\n\t<meta name=\"twitter:data1\" content=\"2 minutos\" \/>\n<script type=\"application\/ld+json\" class=\"yoast-schema-graph\">{\"@context\":\"https:\\\/\\\/schema.org\",\"@graph\":[{\"@type\":\"WebPage\",\"@id\":\"https:\\\/\\\/www.juliadossantosbaptista.com\\\/pt-br\\\/educational-projects\\\/\",\"url\":\"https:\\\/\\\/www.juliadossantosbaptista.com\\\/pt-br\\\/educational-projects\\\/\",\"name\":\"Projetos de Educa\u00e7\u00e3o - J&uacute;lia dos Santos Baptista\",\"isPartOf\":{\"@id\":\"https:\\\/\\\/www.juliadossantosbaptista.com\\\/pt-br\\\/#website\"},\"datePublished\":\"2016-12-12T12:27:31+00:00\",\"dateModified\":\"2025-06-09T11:15:25+00:00\",\"breadcrumb\":{\"@id\":\"https:\\\/\\\/www.juliadossantosbaptista.com\\\/pt-br\\\/educational-projects\\\/#breadcrumb\"},\"inLanguage\":\"pt-BR\",\"potentialAction\":[{\"@type\":\"ReadAction\",\"target\":[\"https:\\\/\\\/www.juliadossantosbaptista.com\\\/pt-br\\\/educational-projects\\\/\"]}]},{\"@type\":\"BreadcrumbList\",\"@id\":\"https:\\\/\\\/www.juliadossantosbaptista.com\\\/pt-br\\\/educational-projects\\\/#breadcrumb\",\"itemListElement\":[{\"@type\":\"ListItem\",\"position\":1,\"name\":\"Home\",\"item\":\"https:\\\/\\\/www.juliadossantosbaptista.com\\\/pt-br\\\/\"},{\"@type\":\"ListItem\",\"position\":2,\"name\":\"Projetos de Educa\u00e7\u00e3o\"}]},{\"@type\":\"WebSite\",\"@id\":\"https:\\\/\\\/www.juliadossantosbaptista.com\\\/pt-br\\\/#website\",\"url\":\"https:\\\/\\\/www.juliadossantosbaptista.com\\\/pt-br\\\/\",\"name\":\"J&uacute;lia dos Santos Baptista\",\"description\":\"Painter\",\"potentialAction\":[{\"@type\":\"SearchAction\",\"target\":{\"@type\":\"EntryPoint\",\"urlTemplate\":\"https:\\\/\\\/www.juliadossantosbaptista.com\\\/pt-br\\\/?s={search_term_string}\"},\"query-input\":{\"@type\":\"PropertyValueSpecification\",\"valueRequired\":true,\"valueName\":\"search_term_string\"}}],\"inLanguage\":\"pt-BR\"}]}<\/script>\n<!-- \/ Yoast SEO plugin. -->","yoast_head_json":{"title":"Projetos de Educa\u00e7\u00e3o - J&uacute;lia dos Santos Baptista","robots":{"index":"index","follow":"follow","max-snippet":"max-snippet:-1","max-image-preview":"max-image-preview:large","max-video-preview":"max-video-preview:-1"},"canonical":"https:\/\/www.juliadossantosbaptista.com\/pt-br\/educational-projects\/","og_locale":"pt_BR","og_type":"article","og_title":"Projetos de Educa\u00e7\u00e3o - J&uacute;lia dos Santos Baptista","og_description":"&nbsp;","og_url":"https:\/\/www.juliadossantosbaptista.com\/pt-br\/educational-projects\/","og_site_name":"J&uacute;lia dos Santos Baptista","article_modified_time":"2025-06-09T11:15:25+00:00","og_image":[{"url":"https:\/\/www.juliadossantosbaptista.com\/wp-content\/uploads\/2016-ISSWhereArtMeetsScience_DSC4332-164x246.jpg","type":"","width":"","height":""}],"twitter_card":"summary_large_image","twitter_misc":{"Est. tempo de leitura":"2 minutos"},"schema":{"@context":"https:\/\/schema.org","@graph":[{"@type":"WebPage","@id":"https:\/\/www.juliadossantosbaptista.com\/pt-br\/educational-projects\/","url":"https:\/\/www.juliadossantosbaptista.com\/pt-br\/educational-projects\/","name":"Projetos de Educa\u00e7\u00e3o - J&uacute;lia dos Santos Baptista","isPartOf":{"@id":"https:\/\/www.juliadossantosbaptista.com\/pt-br\/#website"},"datePublished":"2016-12-12T12:27:31+00:00","dateModified":"2025-06-09T11:15:25+00:00","breadcrumb":{"@id":"https:\/\/www.juliadossantosbaptista.com\/pt-br\/educational-projects\/#breadcrumb"},"inLanguage":"pt-BR","potentialAction":[{"@type":"ReadAction","target":["https:\/\/www.juliadossantosbaptista.com\/pt-br\/educational-projects\/"]}]},{"@type":"BreadcrumbList","@id":"https:\/\/www.juliadossantosbaptista.com\/pt-br\/educational-projects\/#breadcrumb","itemListElement":[{"@type":"ListItem","position":1,"name":"Home","item":"https:\/\/www.juliadossantosbaptista.com\/pt-br\/"},{"@type":"ListItem","position":2,"name":"Projetos de Educa\u00e7\u00e3o"}]},{"@type":"WebSite","@id":"https:\/\/www.juliadossantosbaptista.com\/pt-br\/#website","url":"https:\/\/www.juliadossantosbaptista.com\/pt-br\/","name":"J&uacute;lia dos Santos Baptista","description":"Painter","potentialAction":[{"@type":"SearchAction","target":{"@type":"EntryPoint","urlTemplate":"https:\/\/www.juliadossantosbaptista.com\/pt-br\/?s={search_term_string}"},"query-input":{"@type":"PropertyValueSpecification","valueRequired":true,"valueName":"search_term_string"}}],"inLanguage":"pt-BR"}]}},"_links":{"self":[{"href":"https:\/\/www.juliadossantosbaptista.com\/pt-br\/wp-json\/wp\/v2\/pages\/2427","targetHints":{"allow":["GET"]}}],"collection":[{"href":"https:\/\/www.juliadossantosbaptista.com\/pt-br\/wp-json\/wp\/v2\/pages"}],"about":[{"href":"https:\/\/www.juliadossantosbaptista.com\/pt-br\/wp-json\/wp\/v2\/types\/page"}],"author":[{"embeddable":true,"href":"https:\/\/www.juliadossantosbaptista.com\/pt-br\/wp-json\/wp\/v2\/users\/5"}],"replies":[{"embeddable":true,"href":"https:\/\/www.juliadossantosbaptista.com\/pt-br\/wp-json\/wp\/v2\/comments?post=2427"}],"version-history":[{"count":2,"href":"https:\/\/www.juliadossantosbaptista.com\/pt-br\/wp-json\/wp\/v2\/pages\/2427\/revisions"}],"predecessor-version":[{"id":4005,"href":"https:\/\/www.juliadossantosbaptista.com\/pt-br\/wp-json\/wp\/v2\/pages\/2427\/revisions\/4005"}],"wp:attachment":[{"href":"https:\/\/www.juliadossantosbaptista.com\/pt-br\/wp-json\/wp\/v2\/media?parent=2427"}],"curies":[{"name":"wp","href":"https:\/\/api.w.org\/{rel}","templated":true}]}}