{"id":3956,"date":"2025-06-01T04:21:36","date_gmt":"2025-06-01T03:21:36","guid":{"rendered":"https:\/\/www.juliadossantosbaptista.com\/brasilia-65\/"},"modified":"2026-02-01T15:22:46","modified_gmt":"2026-02-01T14:22:46","slug":"brasilia-65","status":"publish","type":"page","link":"https:\/\/www.juliadossantosbaptista.com\/pt-br\/brasilia-65\/","title":{"rendered":"Bras\u00edlia: Monumental Messages"},"content":{"rendered":"\n\t\t<style type=\"text\/css\">\n\t\t\t#gallery-1 {\n\t\t\t\tmargin: auto;\n\t\t\t}\n\t\t\t#gallery-1 .gallery-item {\n\t\t\t\tfloat: left;\n\t\t\t\tmargin-top: 10px;\n\t\t\t\ttext-align: center;\n\t\t\t\twidth: 33%;\n\t\t\t}\n\t\t\t#gallery-1 img {\n\t\t\t\tborder: 2px solid #cfcfcf;\n\t\t\t}\n\t\t\t#gallery-1 .gallery-caption {\n\t\t\t\tmargin-left: 0;\n\t\t\t}\n\t\t\t\/* see gallery_shortcode() in wp-includes\/media.php *\/\n\t\t<\/style>\n\t\t<div id='gallery-1' class='gallery galleryid-3956 gallery-columns-3 gallery-size-thumbnail'><dl class='gallery-item'>\n\t\t\t<dt class='gallery-icon portrait'>\n\t\t\t\t<a href='https:\/\/www.juliadossantosbaptista.com\/wp-content\/uploads\/nationaal-museum-brazil.jpeg'><img loading=\"lazy\" decoding=\"async\" width=\"164\" height=\"246\" src=\"https:\/\/www.juliadossantosbaptista.com\/wp-content\/uploads\/nationaal-museum-brazil-164x246.jpeg\" class=\"attachment-thumbnail size-thumbnail\" alt=\"\" aria-describedby=\"gallery-1-3959\" \/><\/a>\n\t\t\t<\/dt>\n\t\t\t\t<dd class='wp-caption-text gallery-caption' id='gallery-1-3959'>\n\t\t\t\tMuN Bras\u00edlia DF\n\t\t\t\t<\/dd><\/dl><dl class='gallery-item'>\n\t\t\t<dt class='gallery-icon landscape'>\n\t\t\t\t<a href='https:\/\/www.juliadossantosbaptista.com\/wp-content\/uploads\/bsb-mensagens-monumentais_foto-diego-bresani__BRE2561.jpg'><img loading=\"lazy\" decoding=\"async\" width=\"164\" height=\"246\" src=\"https:\/\/www.juliadossantosbaptista.com\/wp-content\/uploads\/bsb-mensagens-monumentais_foto-diego-bresani__BRE2561-164x246.jpg\" class=\"attachment-thumbnail size-thumbnail\" alt=\"\" aria-describedby=\"gallery-1-4105\" \/><\/a>\n\t\t\t<\/dt>\n\t\t\t\t<dd class='wp-caption-text gallery-caption' id='gallery-1-4105'>\n\t\t\t\tMuN Bras\u00edlia DF\n\t\t\t\t<\/dd><\/dl><dl class='gallery-item'>\n\t\t\t<dt class='gallery-icon landscape'>\n\t\t\t\t<a href='https:\/\/www.juliadossantosbaptista.com\/wp-content\/uploads\/TatianaReis-00683.jpg'><img loading=\"lazy\" decoding=\"async\" width=\"164\" height=\"246\" src=\"https:\/\/www.juliadossantosbaptista.com\/wp-content\/uploads\/TatianaReis-00683-164x246.jpg\" class=\"attachment-thumbnail size-thumbnail\" alt=\"Museu Nacional da Republica Bras\u00edlia Brasil\" \/><\/a>\n\t\t\t<\/dt><\/dl><br style=\"clear: both\" \/><dl class='gallery-item'>\n\t\t\t<dt class='gallery-icon landscape'>\n\t\t\t\t<a href='https:\/\/www.juliadossantosbaptista.com\/wp-content\/uploads\/bsb-mensagens-monumentais_foto-diego-bresani__BRE2521.jpg'><img loading=\"lazy\" decoding=\"async\" width=\"164\" height=\"246\" src=\"https:\/\/www.juliadossantosbaptista.com\/wp-content\/uploads\/bsb-mensagens-monumentais_foto-diego-bresani__BRE2521-164x246.jpg\" class=\"attachment-thumbnail size-thumbnail\" alt=\"Bras\u00edlia Mensagens Monumentais Outubro_Novembro 2025\" aria-describedby=\"gallery-1-4097\" \/><\/a>\n\t\t\t<\/dt>\n\t\t\t\t<dd class='wp-caption-text gallery-caption' id='gallery-1-4097'>\n\t\t\t\tMuN Bras\u00edlia DF\n\t\t\t\t<\/dd><\/dl><dl class='gallery-item'>\n\t\t\t<dt class='gallery-icon landscape'>\n\t\t\t\t<a href='https:\/\/www.juliadossantosbaptista.com\/wp-content\/uploads\/bsb-mensagens-monumentais_foto-diego-bresani__BRE2510.jpg'><img loading=\"lazy\" decoding=\"async\" width=\"164\" height=\"246\" src=\"https:\/\/www.juliadossantosbaptista.com\/wp-content\/uploads\/bsb-mensagens-monumentais_foto-diego-bresani__BRE2510-164x246.jpg\" class=\"attachment-thumbnail size-thumbnail\" alt=\"Bras\u00edlia: mensagens monumentais\" aria-describedby=\"gallery-1-4093\" \/><\/a>\n\t\t\t<\/dt>\n\t\t\t\t<dd class='wp-caption-text gallery-caption' id='gallery-1-4093'>\n\t\t\t\tMuN Bras\u00edlia DF\n\t\t\t\t<\/dd><\/dl><dl class='gallery-item'>\n\t\t\t<dt class='gallery-icon landscape'>\n\t\t\t\t<a href='https:\/\/www.juliadossantosbaptista.com\/wp-content\/uploads\/bsb-mensagens-monumentais_foto-diego-bresani__BRE2792.jpg'><img loading=\"lazy\" decoding=\"async\" width=\"164\" height=\"246\" src=\"https:\/\/www.juliadossantosbaptista.com\/wp-content\/uploads\/bsb-mensagens-monumentais_foto-diego-bresani__BRE2792-164x246.jpg\" class=\"attachment-thumbnail size-thumbnail\" alt=\"\" aria-describedby=\"gallery-1-4100\" \/><\/a>\n\t\t\t<\/dt>\n\t\t\t\t<dd class='wp-caption-text gallery-caption' id='gallery-1-4100'>\n\t\t\t\tMuN Bras\u00edlia DF\n\t\t\t\t<\/dd><\/dl><br style=\"clear: both\" \/><dl class='gallery-item'>\n\t\t\t<dt class='gallery-icon landscape'>\n\t\t\t\t<a href='https:\/\/www.juliadossantosbaptista.com\/wp-content\/uploads\/bsb-mensagens-monumentais_foto-diego-bresani__DSC4101.jpg'><img loading=\"lazy\" decoding=\"async\" width=\"164\" height=\"246\" src=\"https:\/\/www.juliadossantosbaptista.com\/wp-content\/uploads\/bsb-mensagens-monumentais_foto-diego-bresani__DSC4101-164x246.jpg\" class=\"attachment-thumbnail size-thumbnail\" alt=\"\" aria-describedby=\"gallery-1-4102\" \/><\/a>\n\t\t\t<\/dt>\n\t\t\t\t<dd class='wp-caption-text gallery-caption' id='gallery-1-4102'>\n\t\t\t\tMuN Bras\u00edlia DF\n\t\t\t\t<\/dd><\/dl>\n\t\t\t<br style='clear: both' \/>\n\t\t<\/div>\n\n<p>&nbsp;<\/p>\n<p><em><strong>Bras\u00edlia: Monumental Messages<\/strong><\/em>\u00a0Bras\u00edlia: mensagens monumentais \u00e9 um projeto que apresenta a Cole\u00e7\u00e3o Bras\u00edlia, da artista Brasileira-Holandesa J\u00falia dos Santos Baptista, em di\u00e1logo com trabalhos produzidos por alunos da rede p\u00fablica, em Bras\u00edlia e diversas Regi\u00f5es Admistrativas, durante oficinas de arte conduzidas pela pr\u00f3pria artista. O projeto promove a educa\u00e7\u00e3o patrimonial e valoriza a arte como ferramenta essencial de aprendizado e express\u00e3o cultural.<\/p>\n<p>Desde 2005, quando se iniciou a circula\u00e7\u00e3o da cole\u00e7\u00e3o e a realiza\u00e7\u00e3o das oficinas, cerca de 8.000 estudantes j\u00e1 foram impactados, estimulando a cria\u00e7\u00e3o art\u00edstica, o pensamento cr\u00edtico e o fortalecimento da identidade cultural entre crian\u00e7as e jovens.<\/p>\n<p>Enquanto a Cole\u00e7\u00e3o Bras\u00edlia representa uma reflex\u00e3o pessoal da pr\u00f3pria artista sobre suas pr\u00f3prias buscas por pertencimento na \u00e9poca em que era estudante, as oficinas, por outro lado, colocam os alunos no centro do processo criativo, construindo pontes entre escolas, museus e o p\u00fablico \u2014 e, assim, refor\u00e7ando o sentimento de pertencimento cultural como grupo.<\/p>\n<p>Nesta edi\u00e7\u00e3o, o projeto busca ampliar seu alcance, promovendo ainda mais inclus\u00e3o e democratiza\u00e7\u00e3o do acesso \u00e0 arte. A exposi\u00e7\u00e3o ser\u00e1 realizada em Bras\u00edlia, no Museu Nacional da Rep\u00fablica, de 24 de outubro a 30 de novembro de 2025.<\/p>\n<p><b><strong>Nessa Edi\u00e7\u00e3o participaram:<\/strong><br \/>\nEC 01 Ceil\u00e2ndia Sul<br \/>\nEC 114 Sul<br \/>\nCEF 02 Cidade Estrutural<br \/>\n<\/b><\/p>\n<p>&nbsp;<\/p>\n","protected":false},"excerpt":{"rendered":"<p>&nbsp; Bras\u00edlia: Monumental Messages\u00a0Bras\u00edlia: mensagens monumentais \u00e9 um projeto que apresenta a Cole\u00e7\u00e3o Bras\u00edlia, da artista Brasileira-Holandesa J\u00falia dos Santos Baptista, em di\u00e1logo com trabalhos produzidos por alunos da rede p\u00fablica, em Bras\u00edlia e diversas Regi\u00f5es Admistrativas, durante oficinas de arte conduzidas pela pr\u00f3pria artista. O projeto promove a educa\u00e7\u00e3o patrimonial e valoriza a arte [&hellip;]<\/p>\n","protected":false},"author":5,"featured_media":3959,"parent":0,"menu_order":0,"comment_status":"closed","ping_status":"closed","template":"","meta":{"_acf_changed":false,"_genesis_hide_title":false,"_genesis_hide_breadcrumbs":false,"_genesis_hide_singular_image":false,"_genesis_hide_footer_widgets":false,"_genesis_custom_body_class":"","_genesis_custom_post_class":"","_genesis_layout":"","footnotes":""},"class_list":{"0":"post-3956","1":"page","2":"type-page","3":"status-publish","4":"has-post-thumbnail","6":"entry"},"acf":[],"yoast_head":"<!-- This site is optimized with the Yoast SEO plugin v27.5 - https:\/\/yoast.com\/product\/yoast-seo-wordpress\/ -->\n<title>Bras\u00edlia: Monumental Messages - J&uacute;lia dos Santos Baptista<\/title>\n<meta name=\"robots\" content=\"index, follow, max-snippet:-1, max-image-preview:large, max-video-preview:-1\" \/>\n<link rel=\"canonical\" href=\"https:\/\/www.juliadossantosbaptista.com\/pt-br\/brasilia-65\/\" \/>\n<meta property=\"og:locale\" content=\"pt_BR\" \/>\n<meta property=\"og:type\" content=\"article\" \/>\n<meta property=\"og:title\" content=\"Bras\u00edlia: Monumental Messages - J&uacute;lia dos Santos Baptista\" \/>\n<meta property=\"og:description\" content=\"&nbsp; Bras\u00edlia: Monumental Messages\u00a0Bras\u00edlia: mensagens monumentais \u00e9 um projeto que apresenta a Cole\u00e7\u00e3o Bras\u00edlia, da artista Brasileira-Holandesa J\u00falia dos Santos Baptista, em di\u00e1logo com trabalhos produzidos por alunos da rede p\u00fablica, em Bras\u00edlia e diversas Regi\u00f5es Admistrativas, durante oficinas de arte conduzidas pela pr\u00f3pria artista. O projeto promove a educa\u00e7\u00e3o patrimonial e valoriza a arte [&hellip;]\" \/>\n<meta property=\"og:url\" content=\"https:\/\/www.juliadossantosbaptista.com\/pt-br\/brasilia-65\/\" \/>\n<meta property=\"og:site_name\" content=\"J&uacute;lia dos Santos Baptista\" \/>\n<meta property=\"article:modified_time\" content=\"2026-02-01T14:22:46+00:00\" \/>\n<meta property=\"og:image\" content=\"https:\/\/www.juliadossantosbaptista.com\/wp-content\/uploads\/nationaal-museum-brazil.jpeg\" \/>\n\t<meta property=\"og:image:width\" content=\"1078\" \/>\n\t<meta property=\"og:image:height\" content=\"1240\" \/>\n\t<meta property=\"og:image:type\" content=\"image\/jpeg\" \/>\n<meta name=\"twitter:card\" content=\"summary_large_image\" \/>\n<meta name=\"twitter:label1\" content=\"Est. tempo de leitura\" \/>\n\t<meta name=\"twitter:data1\" content=\"2 minutos\" \/>\n<script type=\"application\/ld+json\" class=\"yoast-schema-graph\">{\"@context\":\"https:\\\/\\\/schema.org\",\"@graph\":[{\"@type\":\"WebPage\",\"@id\":\"https:\\\/\\\/www.juliadossantosbaptista.com\\\/pt-br\\\/brasilia-65\\\/\",\"url\":\"https:\\\/\\\/www.juliadossantosbaptista.com\\\/pt-br\\\/brasilia-65\\\/\",\"name\":\"Bras\u00edlia: Monumental Messages - J&uacute;lia dos Santos Baptista\",\"isPartOf\":{\"@id\":\"https:\\\/\\\/www.juliadossantosbaptista.com\\\/pt-br\\\/#website\"},\"primaryImageOfPage\":{\"@id\":\"https:\\\/\\\/www.juliadossantosbaptista.com\\\/pt-br\\\/brasilia-65\\\/#primaryimage\"},\"image\":{\"@id\":\"https:\\\/\\\/www.juliadossantosbaptista.com\\\/pt-br\\\/brasilia-65\\\/#primaryimage\"},\"thumbnailUrl\":\"https:\\\/\\\/www.juliadossantosbaptista.com\\\/wp-content\\\/uploads\\\/nationaal-museum-brazil.jpeg\",\"datePublished\":\"2025-06-01T03:21:36+00:00\",\"dateModified\":\"2026-02-01T14:22:46+00:00\",\"breadcrumb\":{\"@id\":\"https:\\\/\\\/www.juliadossantosbaptista.com\\\/pt-br\\\/brasilia-65\\\/#breadcrumb\"},\"inLanguage\":\"pt-BR\",\"potentialAction\":[{\"@type\":\"ReadAction\",\"target\":[\"https:\\\/\\\/www.juliadossantosbaptista.com\\\/pt-br\\\/brasilia-65\\\/\"]}]},{\"@type\":\"ImageObject\",\"inLanguage\":\"pt-BR\",\"@id\":\"https:\\\/\\\/www.juliadossantosbaptista.com\\\/pt-br\\\/brasilia-65\\\/#primaryimage\",\"url\":\"https:\\\/\\\/www.juliadossantosbaptista.com\\\/wp-content\\\/uploads\\\/nationaal-museum-brazil.jpeg\",\"contentUrl\":\"https:\\\/\\\/www.juliadossantosbaptista.com\\\/wp-content\\\/uploads\\\/nationaal-museum-brazil.jpeg\",\"width\":1078,\"height\":1240,\"caption\":\"MuN Bras\u00edlia DF\"},{\"@type\":\"BreadcrumbList\",\"@id\":\"https:\\\/\\\/www.juliadossantosbaptista.com\\\/pt-br\\\/brasilia-65\\\/#breadcrumb\",\"itemListElement\":[{\"@type\":\"ListItem\",\"position\":1,\"name\":\"Home\",\"item\":\"https:\\\/\\\/www.juliadossantosbaptista.com\\\/pt-br\\\/\"},{\"@type\":\"ListItem\",\"position\":2,\"name\":\"Bras\u00edlia: Monumental Messages\"}]},{\"@type\":\"WebSite\",\"@id\":\"https:\\\/\\\/www.juliadossantosbaptista.com\\\/pt-br\\\/#website\",\"url\":\"https:\\\/\\\/www.juliadossantosbaptista.com\\\/pt-br\\\/\",\"name\":\"J&uacute;lia dos Santos Baptista\",\"description\":\"Painter\",\"potentialAction\":[{\"@type\":\"SearchAction\",\"target\":{\"@type\":\"EntryPoint\",\"urlTemplate\":\"https:\\\/\\\/www.juliadossantosbaptista.com\\\/pt-br\\\/?s={search_term_string}\"},\"query-input\":{\"@type\":\"PropertyValueSpecification\",\"valueRequired\":true,\"valueName\":\"search_term_string\"}}],\"inLanguage\":\"pt-BR\"}]}<\/script>\n<!-- \/ Yoast SEO plugin. -->","yoast_head_json":{"title":"Bras\u00edlia: Monumental Messages - J&uacute;lia dos Santos Baptista","robots":{"index":"index","follow":"follow","max-snippet":"max-snippet:-1","max-image-preview":"max-image-preview:large","max-video-preview":"max-video-preview:-1"},"canonical":"https:\/\/www.juliadossantosbaptista.com\/pt-br\/brasilia-65\/","og_locale":"pt_BR","og_type":"article","og_title":"Bras\u00edlia: Monumental Messages - J&uacute;lia dos Santos Baptista","og_description":"&nbsp; Bras\u00edlia: Monumental Messages\u00a0Bras\u00edlia: mensagens monumentais \u00e9 um projeto que apresenta a Cole\u00e7\u00e3o Bras\u00edlia, da artista Brasileira-Holandesa J\u00falia dos Santos Baptista, em di\u00e1logo com trabalhos produzidos por alunos da rede p\u00fablica, em Bras\u00edlia e diversas Regi\u00f5es Admistrativas, durante oficinas de arte conduzidas pela pr\u00f3pria artista. O projeto promove a educa\u00e7\u00e3o patrimonial e valoriza a arte [&hellip;]","og_url":"https:\/\/www.juliadossantosbaptista.com\/pt-br\/brasilia-65\/","og_site_name":"J&uacute;lia dos Santos Baptista","article_modified_time":"2026-02-01T14:22:46+00:00","og_image":[{"width":1078,"height":1240,"url":"https:\/\/www.juliadossantosbaptista.com\/wp-content\/uploads\/nationaal-museum-brazil.jpeg","type":"image\/jpeg"}],"twitter_card":"summary_large_image","twitter_misc":{"Est. tempo de leitura":"2 minutos"},"schema":{"@context":"https:\/\/schema.org","@graph":[{"@type":"WebPage","@id":"https:\/\/www.juliadossantosbaptista.com\/pt-br\/brasilia-65\/","url":"https:\/\/www.juliadossantosbaptista.com\/pt-br\/brasilia-65\/","name":"Bras\u00edlia: Monumental Messages - J&uacute;lia dos Santos Baptista","isPartOf":{"@id":"https:\/\/www.juliadossantosbaptista.com\/pt-br\/#website"},"primaryImageOfPage":{"@id":"https:\/\/www.juliadossantosbaptista.com\/pt-br\/brasilia-65\/#primaryimage"},"image":{"@id":"https:\/\/www.juliadossantosbaptista.com\/pt-br\/brasilia-65\/#primaryimage"},"thumbnailUrl":"https:\/\/www.juliadossantosbaptista.com\/wp-content\/uploads\/nationaal-museum-brazil.jpeg","datePublished":"2025-06-01T03:21:36+00:00","dateModified":"2026-02-01T14:22:46+00:00","breadcrumb":{"@id":"https:\/\/www.juliadossantosbaptista.com\/pt-br\/brasilia-65\/#breadcrumb"},"inLanguage":"pt-BR","potentialAction":[{"@type":"ReadAction","target":["https:\/\/www.juliadossantosbaptista.com\/pt-br\/brasilia-65\/"]}]},{"@type":"ImageObject","inLanguage":"pt-BR","@id":"https:\/\/www.juliadossantosbaptista.com\/pt-br\/brasilia-65\/#primaryimage","url":"https:\/\/www.juliadossantosbaptista.com\/wp-content\/uploads\/nationaal-museum-brazil.jpeg","contentUrl":"https:\/\/www.juliadossantosbaptista.com\/wp-content\/uploads\/nationaal-museum-brazil.jpeg","width":1078,"height":1240,"caption":"MuN Bras\u00edlia DF"},{"@type":"BreadcrumbList","@id":"https:\/\/www.juliadossantosbaptista.com\/pt-br\/brasilia-65\/#breadcrumb","itemListElement":[{"@type":"ListItem","position":1,"name":"Home","item":"https:\/\/www.juliadossantosbaptista.com\/pt-br\/"},{"@type":"ListItem","position":2,"name":"Bras\u00edlia: Monumental Messages"}]},{"@type":"WebSite","@id":"https:\/\/www.juliadossantosbaptista.com\/pt-br\/#website","url":"https:\/\/www.juliadossantosbaptista.com\/pt-br\/","name":"J&uacute;lia dos Santos Baptista","description":"Painter","potentialAction":[{"@type":"SearchAction","target":{"@type":"EntryPoint","urlTemplate":"https:\/\/www.juliadossantosbaptista.com\/pt-br\/?s={search_term_string}"},"query-input":{"@type":"PropertyValueSpecification","valueRequired":true,"valueName":"search_term_string"}}],"inLanguage":"pt-BR"}]}},"_links":{"self":[{"href":"https:\/\/www.juliadossantosbaptista.com\/pt-br\/wp-json\/wp\/v2\/pages\/3956","targetHints":{"allow":["GET"]}}],"collection":[{"href":"https:\/\/www.juliadossantosbaptista.com\/pt-br\/wp-json\/wp\/v2\/pages"}],"about":[{"href":"https:\/\/www.juliadossantosbaptista.com\/pt-br\/wp-json\/wp\/v2\/types\/page"}],"author":[{"embeddable":true,"href":"https:\/\/www.juliadossantosbaptista.com\/pt-br\/wp-json\/wp\/v2\/users\/5"}],"replies":[{"embeddable":true,"href":"https:\/\/www.juliadossantosbaptista.com\/pt-br\/wp-json\/wp\/v2\/comments?post=3956"}],"version-history":[{"count":23,"href":"https:\/\/www.juliadossantosbaptista.com\/pt-br\/wp-json\/wp\/v2\/pages\/3956\/revisions"}],"predecessor-version":[{"id":4146,"href":"https:\/\/www.juliadossantosbaptista.com\/pt-br\/wp-json\/wp\/v2\/pages\/3956\/revisions\/4146"}],"wp:featuredmedia":[{"embeddable":true,"href":"https:\/\/www.juliadossantosbaptista.com\/pt-br\/wp-json\/wp\/v2\/media\/3959"}],"wp:attachment":[{"href":"https:\/\/www.juliadossantosbaptista.com\/pt-br\/wp-json\/wp\/v2\/media?parent=3956"}],"curies":[{"name":"wp","href":"https:\/\/api.w.org\/{rel}","templated":true}]}}