{"id":4000,"date":"2020-09-26T12:52:10","date_gmt":"2020-09-26T11:52:10","guid":{"rendered":"https:\/\/www.juliadossantosbaptista.com\/mini-art-masterclass\/"},"modified":"2025-06-11T04:51:39","modified_gmt":"2025-06-11T03:51:39","slug":"mini-art-masterclass","status":"publish","type":"page","link":"https:\/\/www.juliadossantosbaptista.com\/pt-br\/mini-art-masterclass\/","title":{"rendered":"MAM &#8211; Mini Art Masterclass"},"content":{"rendered":"\n\t\t<style type=\"text\/css\">\n\t\t\t#gallery-1 {\n\t\t\t\tmargin: auto;\n\t\t\t}\n\t\t\t#gallery-1 .gallery-item {\n\t\t\t\tfloat: left;\n\t\t\t\tmargin-top: 10px;\n\t\t\t\ttext-align: center;\n\t\t\t\twidth: 16%;\n\t\t\t}\n\t\t\t#gallery-1 img {\n\t\t\t\tborder: 2px solid #cfcfcf;\n\t\t\t}\n\t\t\t#gallery-1 .gallery-caption {\n\t\t\t\tmargin-left: 0;\n\t\t\t}\n\t\t\t\/* see gallery_shortcode() in wp-includes\/media.php *\/\n\t\t<\/style>\n\t\t<div id='gallery-1' class='gallery galleryid-4000 gallery-columns-6 gallery-size-thumbnail'><dl class='gallery-item'>\n\t\t\t<dt class='gallery-icon landscape'>\n\t\t\t\t<a href='https:\/\/www.juliadossantosbaptista.com\/pt-br\/mini-art-masterclass\/fullsizeoutput_31ce-2\/'><img loading=\"lazy\" decoding=\"async\" width=\"164\" height=\"246\" src=\"https:\/\/www.juliadossantosbaptista.com\/wp-content\/uploads\/fullsizeoutput_31ce-164x246.jpeg\" class=\"attachment-thumbnail size-thumbnail\" alt=\"\" \/><\/a>\n\t\t\t<\/dt><\/dl><dl class='gallery-item'>\n\t\t\t<dt class='gallery-icon landscape'>\n\t\t\t\t<a href='https:\/\/www.juliadossantosbaptista.com\/pt-br\/mini-art-masterclass\/zgpqeb9ltrka470fdpon4q-2\/'><img loading=\"lazy\" decoding=\"async\" width=\"164\" height=\"246\" src=\"https:\/\/www.juliadossantosbaptista.com\/wp-content\/uploads\/ZgpqEb9lTRKA470fdpON4Q-164x246.jpg\" class=\"attachment-thumbnail size-thumbnail\" alt=\"\" \/><\/a>\n\t\t\t<\/dt><\/dl><dl class='gallery-item'>\n\t\t\t<dt class='gallery-icon landscape'>\n\t\t\t\t<a href='https:\/\/www.juliadossantosbaptista.com\/pt-br\/mini-art-masterclass\/2020-atelierjuliasantosbaptista-2\/'><img loading=\"lazy\" decoding=\"async\" width=\"164\" height=\"246\" src=\"https:\/\/www.juliadossantosbaptista.com\/wp-content\/uploads\/2020-AtelierJuliaSantosBaptista-164x246.jpeg\" class=\"attachment-thumbnail size-thumbnail\" alt=\"\" \/><\/a>\n\t\t\t<\/dt><\/dl><dl class='gallery-item'>\n\t\t\t<dt class='gallery-icon portrait'>\n\t\t\t\t<a href='https:\/\/www.juliadossantosbaptista.com\/pt-br\/mini-art-masterclass\/lmzu3xjtsap1bbslscca-2\/'><img loading=\"lazy\" decoding=\"async\" width=\"164\" height=\"246\" src=\"https:\/\/www.juliadossantosbaptista.com\/wp-content\/uploads\/lmzu3XJTSAp1BBSlSCcA-164x246.jpg\" class=\"attachment-thumbnail size-thumbnail\" alt=\"\" \/><\/a>\n\t\t\t<\/dt><\/dl><dl class='gallery-item'>\n\t\t\t<dt class='gallery-icon portrait'>\n\t\t\t\t<a href='https:\/\/www.juliadossantosbaptista.com\/pt-br\/mini-art-masterclass\/img_3910-scaled-2\/'><img loading=\"lazy\" decoding=\"async\" width=\"164\" height=\"246\" src=\"https:\/\/www.juliadossantosbaptista.com\/wp-content\/uploads\/IMG_3910-scaled-1-164x246.jpg\" class=\"attachment-thumbnail size-thumbnail\" alt=\"\" \/><\/a>\n\t\t\t<\/dt><\/dl><dl class='gallery-item'>\n\t\t\t<dt class='gallery-icon landscape'>\n\t\t\t\t<a href='https:\/\/www.juliadossantosbaptista.com\/pt-br\/mini-art-masterclass\/2021_zomerschool_qdfpkqudq4ecvwz1jtwww-scaled-2\/'><img loading=\"lazy\" decoding=\"async\" width=\"164\" height=\"246\" src=\"https:\/\/www.juliadossantosbaptista.com\/wp-content\/uploads\/2021_ZomerSchool_QdfpKquDQ4eCVWZ1Jtwww-scaled-1-164x246.jpeg\" class=\"attachment-thumbnail size-thumbnail\" alt=\"\" \/><\/a>\n\t\t\t<\/dt><\/dl><br style=\"clear: both\" \/>\n\t\t<\/div>\n\n<p>&nbsp;<\/p>\n<p>As novas gera\u00e7\u00f5es v\u00e3o crescer num mundo com mudan\u00e7as cada vez mais r\u00e1pidas em v\u00e1rias \u00e1reas. Por isso, v\u00e3o precisar aprender a se adaptar r\u00e1pido e de forma criativa. Incentivar as crian\u00e7as a \u201cabrirem outras gavetinhas\u201d na cabe\u00e7a \u00e9 super importante! Eu vejo arte e educa\u00e7\u00e3o como dois lados da mesma moeda. A arte pode trazer alegria, beleza e ainda ajudar a gente a enxergar as coisas de outro jeito e usar a imagina\u00e7\u00e3o \u2014 habilidades essenciais pra criar coisas novas e encontrar solu\u00e7\u00f5es num mundo que s\u00f3 fica mais complicado. E&#8230; \u00e9 simplesmente muito gostoso de fazer!<\/p>\n<p>Quer que seu filho ou filha descubra (ou desenvolva ainda mais) a criatividade?<\/p>\n<p>Vem pro Mini Art Masterclass!<\/p>\n","protected":false},"excerpt":{"rendered":"<p>&nbsp; As novas gera\u00e7\u00f5es v\u00e3o crescer num mundo com mudan\u00e7as cada vez mais r\u00e1pidas em v\u00e1rias \u00e1reas. Por isso, v\u00e3o precisar aprender a se adaptar r\u00e1pido e de forma criativa. Incentivar as crian\u00e7as a \u201cabrirem outras gavetinhas\u201d na cabe\u00e7a \u00e9 super importante! Eu vejo arte e educa\u00e7\u00e3o como dois lados da mesma moeda. A arte [&hellip;]<\/p>\n","protected":false},"author":5,"featured_media":0,"parent":0,"menu_order":0,"comment_status":"closed","ping_status":"closed","template":"","meta":{"_acf_changed":false,"_genesis_hide_title":false,"_genesis_hide_breadcrumbs":false,"_genesis_hide_singular_image":false,"_genesis_hide_footer_widgets":false,"_genesis_custom_body_class":"","_genesis_custom_post_class":"","_genesis_layout":"","footnotes":""},"class_list":{"0":"post-4000","1":"page","2":"type-page","3":"status-publish","5":"entry"},"acf":[],"yoast_head":"<!-- This site is optimized with the Yoast SEO plugin v27.5 - https:\/\/yoast.com\/product\/yoast-seo-wordpress\/ -->\n<title>MAM - Mini Art Masterclass - J&uacute;lia dos Santos Baptista<\/title>\n<meta name=\"robots\" content=\"index, follow, max-snippet:-1, max-image-preview:large, max-video-preview:-1\" \/>\n<link rel=\"canonical\" href=\"https:\/\/www.juliadossantosbaptista.com\/pt-br\/mini-art-masterclass\/\" \/>\n<meta property=\"og:locale\" content=\"pt_BR\" \/>\n<meta property=\"og:type\" content=\"article\" \/>\n<meta property=\"og:title\" content=\"MAM - Mini Art Masterclass - J&uacute;lia dos Santos Baptista\" \/>\n<meta property=\"og:description\" content=\"&nbsp; As novas gera\u00e7\u00f5es v\u00e3o crescer num mundo com mudan\u00e7as cada vez mais r\u00e1pidas em v\u00e1rias \u00e1reas. Por isso, v\u00e3o precisar aprender a se adaptar r\u00e1pido e de forma criativa. Incentivar as crian\u00e7as a \u201cabrirem outras gavetinhas\u201d na cabe\u00e7a \u00e9 super importante! Eu vejo arte e educa\u00e7\u00e3o como dois lados da mesma moeda. A arte [&hellip;]\" \/>\n<meta property=\"og:url\" content=\"https:\/\/www.juliadossantosbaptista.com\/pt-br\/mini-art-masterclass\/\" \/>\n<meta property=\"og:site_name\" content=\"J&uacute;lia dos Santos Baptista\" \/>\n<meta property=\"article:modified_time\" content=\"2025-06-11T03:51:39+00:00\" \/>\n<meta name=\"twitter:card\" content=\"summary_large_image\" \/>\n<meta name=\"twitter:label1\" content=\"Est. tempo de leitura\" \/>\n\t<meta name=\"twitter:data1\" content=\"1 minuto\" \/>\n<script type=\"application\/ld+json\" class=\"yoast-schema-graph\">{\"@context\":\"https:\\\/\\\/schema.org\",\"@graph\":[{\"@type\":\"WebPage\",\"@id\":\"https:\\\/\\\/www.juliadossantosbaptista.com\\\/pt-br\\\/mini-art-masterclass\\\/\",\"url\":\"https:\\\/\\\/www.juliadossantosbaptista.com\\\/pt-br\\\/mini-art-masterclass\\\/\",\"name\":\"MAM - Mini Art Masterclass - J&uacute;lia dos Santos Baptista\",\"isPartOf\":{\"@id\":\"https:\\\/\\\/www.juliadossantosbaptista.com\\\/pt-br\\\/#website\"},\"datePublished\":\"2020-09-26T11:52:10+00:00\",\"dateModified\":\"2025-06-11T03:51:39+00:00\",\"breadcrumb\":{\"@id\":\"https:\\\/\\\/www.juliadossantosbaptista.com\\\/pt-br\\\/mini-art-masterclass\\\/#breadcrumb\"},\"inLanguage\":\"pt-BR\",\"potentialAction\":[{\"@type\":\"ReadAction\",\"target\":[\"https:\\\/\\\/www.juliadossantosbaptista.com\\\/pt-br\\\/mini-art-masterclass\\\/\"]}]},{\"@type\":\"BreadcrumbList\",\"@id\":\"https:\\\/\\\/www.juliadossantosbaptista.com\\\/pt-br\\\/mini-art-masterclass\\\/#breadcrumb\",\"itemListElement\":[{\"@type\":\"ListItem\",\"position\":1,\"name\":\"Home\",\"item\":\"https:\\\/\\\/www.juliadossantosbaptista.com\\\/pt-br\\\/\"},{\"@type\":\"ListItem\",\"position\":2,\"name\":\"MAM &#8211; Mini Art Masterclass\"}]},{\"@type\":\"WebSite\",\"@id\":\"https:\\\/\\\/www.juliadossantosbaptista.com\\\/pt-br\\\/#website\",\"url\":\"https:\\\/\\\/www.juliadossantosbaptista.com\\\/pt-br\\\/\",\"name\":\"J&uacute;lia dos Santos Baptista\",\"description\":\"Painter\",\"potentialAction\":[{\"@type\":\"SearchAction\",\"target\":{\"@type\":\"EntryPoint\",\"urlTemplate\":\"https:\\\/\\\/www.juliadossantosbaptista.com\\\/pt-br\\\/?s={search_term_string}\"},\"query-input\":{\"@type\":\"PropertyValueSpecification\",\"valueRequired\":true,\"valueName\":\"search_term_string\"}}],\"inLanguage\":\"pt-BR\"}]}<\/script>\n<!-- \/ Yoast SEO plugin. -->","yoast_head_json":{"title":"MAM - Mini Art Masterclass - J&uacute;lia dos Santos Baptista","robots":{"index":"index","follow":"follow","max-snippet":"max-snippet:-1","max-image-preview":"max-image-preview:large","max-video-preview":"max-video-preview:-1"},"canonical":"https:\/\/www.juliadossantosbaptista.com\/pt-br\/mini-art-masterclass\/","og_locale":"pt_BR","og_type":"article","og_title":"MAM - Mini Art Masterclass - J&uacute;lia dos Santos Baptista","og_description":"&nbsp; As novas gera\u00e7\u00f5es v\u00e3o crescer num mundo com mudan\u00e7as cada vez mais r\u00e1pidas em v\u00e1rias \u00e1reas. Por isso, v\u00e3o precisar aprender a se adaptar r\u00e1pido e de forma criativa. Incentivar as crian\u00e7as a \u201cabrirem outras gavetinhas\u201d na cabe\u00e7a \u00e9 super importante! Eu vejo arte e educa\u00e7\u00e3o como dois lados da mesma moeda. A arte [&hellip;]","og_url":"https:\/\/www.juliadossantosbaptista.com\/pt-br\/mini-art-masterclass\/","og_site_name":"J&uacute;lia dos Santos Baptista","article_modified_time":"2025-06-11T03:51:39+00:00","twitter_card":"summary_large_image","twitter_misc":{"Est. tempo de leitura":"1 minuto"},"schema":{"@context":"https:\/\/schema.org","@graph":[{"@type":"WebPage","@id":"https:\/\/www.juliadossantosbaptista.com\/pt-br\/mini-art-masterclass\/","url":"https:\/\/www.juliadossantosbaptista.com\/pt-br\/mini-art-masterclass\/","name":"MAM - Mini Art Masterclass - J&uacute;lia dos Santos Baptista","isPartOf":{"@id":"https:\/\/www.juliadossantosbaptista.com\/pt-br\/#website"},"datePublished":"2020-09-26T11:52:10+00:00","dateModified":"2025-06-11T03:51:39+00:00","breadcrumb":{"@id":"https:\/\/www.juliadossantosbaptista.com\/pt-br\/mini-art-masterclass\/#breadcrumb"},"inLanguage":"pt-BR","potentialAction":[{"@type":"ReadAction","target":["https:\/\/www.juliadossantosbaptista.com\/pt-br\/mini-art-masterclass\/"]}]},{"@type":"BreadcrumbList","@id":"https:\/\/www.juliadossantosbaptista.com\/pt-br\/mini-art-masterclass\/#breadcrumb","itemListElement":[{"@type":"ListItem","position":1,"name":"Home","item":"https:\/\/www.juliadossantosbaptista.com\/pt-br\/"},{"@type":"ListItem","position":2,"name":"MAM &#8211; Mini Art Masterclass"}]},{"@type":"WebSite","@id":"https:\/\/www.juliadossantosbaptista.com\/pt-br\/#website","url":"https:\/\/www.juliadossantosbaptista.com\/pt-br\/","name":"J&uacute;lia dos Santos Baptista","description":"Painter","potentialAction":[{"@type":"SearchAction","target":{"@type":"EntryPoint","urlTemplate":"https:\/\/www.juliadossantosbaptista.com\/pt-br\/?s={search_term_string}"},"query-input":{"@type":"PropertyValueSpecification","valueRequired":true,"valueName":"search_term_string"}}],"inLanguage":"pt-BR"}]}},"_links":{"self":[{"href":"https:\/\/www.juliadossantosbaptista.com\/pt-br\/wp-json\/wp\/v2\/pages\/4000","targetHints":{"allow":["GET"]}}],"collection":[{"href":"https:\/\/www.juliadossantosbaptista.com\/pt-br\/wp-json\/wp\/v2\/pages"}],"about":[{"href":"https:\/\/www.juliadossantosbaptista.com\/pt-br\/wp-json\/wp\/v2\/types\/page"}],"author":[{"embeddable":true,"href":"https:\/\/www.juliadossantosbaptista.com\/pt-br\/wp-json\/wp\/v2\/users\/5"}],"replies":[{"embeddable":true,"href":"https:\/\/www.juliadossantosbaptista.com\/pt-br\/wp-json\/wp\/v2\/comments?post=4000"}],"version-history":[{"count":3,"href":"https:\/\/www.juliadossantosbaptista.com\/pt-br\/wp-json\/wp\/v2\/pages\/4000\/revisions"}],"predecessor-version":[{"id":4016,"href":"https:\/\/www.juliadossantosbaptista.com\/pt-br\/wp-json\/wp\/v2\/pages\/4000\/revisions\/4016"}],"wp:attachment":[{"href":"https:\/\/www.juliadossantosbaptista.com\/pt-br\/wp-json\/wp\/v2\/media?parent=4000"}],"curies":[{"name":"wp","href":"https:\/\/api.w.org\/{rel}","templated":true}]}}